{"id":746,"date":"2024-01-30T11:08:08","date_gmt":"2024-01-30T10:08:08","guid":{"rendered":"https:\/\/stephaniedoe.fr\/?page_id=746"},"modified":"2024-02-12T09:57:34","modified_gmt":"2024-02-12T08:57:34","slug":"shibari","status":"publish","type":"page","link":"https:\/\/stephaniedoe.fr\/index.php\/shibari\/","title":{"rendered":"Shibari"},"content":{"rendered":"<h4>Le shibari ou bondage Japonais, est une pratique \u00e9rotique d\u2019<a href=\"https:\/\/calamitysteph.com\/index.php\/2018\/05\/28\/les-origines-du-kinbaku\/\">origine Japonaise<\/a>.<\/h4>\n<p>Bondage Japonais: Il est indispensable de prendre des cours lorsqu\u2019on d\u00e9bute. Ceci permet une meilleure appr\u00e9hension des gestes techniques. N\u00e9anmoins, il serait dommage de r\u00e9duire cette pratique \u00e0 l\u2019ex\u00e9cution de n\u0153uds et passages de cordes.<\/p>\n<p><em>La beaut\u00e9 du bondage Japonais ne r\u00e9side pas dans la forme en elle-m\u00eame mais dans le m\u00e9lange complexe d\u2019\u00e9motions, d\u2019esth\u00e9tisme, d\u2019\u00e9change de pouvoir et d\u2019\u00e9rotisme qui colore cet instant.<\/em><\/p>\n<p><img loading=\"lazy\" decoding=\"async\" class=\"size-medium wp-image-490 alignright\" src=\"https:\/\/stephaniedoe.fr\/wp-content\/uploads\/2023\/09\/DVP_6425-200x300.jpg\" alt=\"\" width=\"200\" height=\"300\" srcset=\"https:\/\/stephaniedoe.fr\/wp-content\/uploads\/2023\/09\/DVP_6425-200x300.jpg 200w, https:\/\/stephaniedoe.fr\/wp-content\/uploads\/2023\/09\/DVP_6425-683x1024.jpg 683w, https:\/\/stephaniedoe.fr\/wp-content\/uploads\/2023\/09\/DVP_6425-768x1151.jpg 768w, https:\/\/stephaniedoe.fr\/wp-content\/uploads\/2023\/09\/DVP_6425-1025x1536.jpg 1025w, https:\/\/stephaniedoe.fr\/wp-content\/uploads\/2023\/09\/DVP_6425-150x225.jpg 150w, https:\/\/stephaniedoe.fr\/wp-content\/uploads\/2023\/09\/DVP_6425-300x450.jpg 300w, https:\/\/stephaniedoe.fr\/wp-content\/uploads\/2023\/09\/DVP_6425-696x1043.jpg 696w, https:\/\/stephaniedoe.fr\/wp-content\/uploads\/2023\/09\/DVP_6425-1068x1601.jpg 1068w, https:\/\/stephaniedoe.fr\/wp-content\/uploads\/2023\/09\/DVP_6425.jpg 1201w\" sizes=\"auto, (max-width: 200px) 100vw, 200px\" \/><\/p>\n<p>C\u2019est pourquoi j\u2019ai d\u00e9velopp\u00e9 une approche p\u00e9dagogique qui vous permet de donner du sens \u00e0 ce que vous fa\u00eetes, de d\u00e9velopper votre confiance en vous et avec vos partenaires et d\u2019explorer en s\u00e9curit\u00e9 des pratiques visant \u00e0 enrichir vos jeux intimes.<\/p>\n<p>La dimension relationnelle,\u00a0<em>\u00ab\u00a0l\u2019\u00eatre en lien<\/em> \u00bb est abord\u00e9e dans tous ses aspects.<\/p>\n","protected":false},"excerpt":{"rendered":"<p>Le shibari ou bondage Japonais, est une pratique \u00e9rotique d\u2019origine Japonaise. Bondage Japonais: Il est indispensable de prendre des cours lorsqu\u2019on d\u00e9bute. Ceci permet une meilleure appr\u00e9hension des gestes techniques. [&hellip;]<\/p>\n","protected":false},"author":1,"featured_media":747,"parent":0,"menu_order":0,"comment_status":"closed","ping_status":"closed","template":"","meta":{"_EventAllDay":false,"_EventTimezone":"","_EventStartDate":"","_EventEndDate":"","_EventStartDateUTC":"","_EventEndDateUTC":"","_EventShowMap":false,"_EventShowMapLink":false,"_EventURL":"","_EventCost":"","_EventCostDescription":"","_EventCurrencySymbol":"","_EventCurrencyCode":"","_EventCurrencyPosition":"","_EventDateTimeSeparator":"","_EventTimeRangeSeparator":"","_EventOrganizerID":[],"_EventVenueID":[],"_OrganizerEmail":"","_OrganizerPhone":"","_OrganizerWebsite":"","_VenueAddress":"","_VenueCity":"","_VenueCountry":"","_VenueProvince":"","_VenueState":"","_VenueZip":"","_VenuePhone":"","_VenueURL":"","_VenueStateProvince":"","_VenueLat":"","_VenueLng":"","_VenueShowMap":false,"_VenueShowMapLink":false,"footnotes":""},"class_list":["post-746","page","type-page","status-publish","has-post-thumbnail"],"yoast_head":"<!-- This site is optimized with the Yoast SEO plugin v27.4 - https:\/\/yoast.com\/product\/yoast-seo-wordpress\/ -->\n<title>Shibari - St\u00e9phanie Doe<\/title>\n<meta name=\"robots\" content=\"index, follow, max-snippet:-1, max-image-preview:large, max-video-preview:-1\" \/>\n<link rel=\"canonical\" href=\"https:\/\/stephaniedoe.fr\/index.php\/shibari\/\" \/>\n<meta property=\"og:locale\" content=\"fr_FR\" \/>\n<meta property=\"og:type\" content=\"article\" \/>\n<meta property=\"og:title\" content=\"Shibari - St\u00e9phanie Doe\" \/>\n<meta property=\"og:description\" content=\"Le shibari ou bondage Japonais, est une pratique \u00e9rotique d\u2019origine Japonaise. Bondage Japonais: Il est indispensable de prendre des cours lorsqu\u2019on d\u00e9bute. Ceci permet une meilleure appr\u00e9hension des gestes techniques. [&hellip;]\" \/>\n<meta property=\"og:url\" content=\"https:\/\/stephaniedoe.fr\/index.php\/shibari\/\" \/>\n<meta property=\"og:site_name\" content=\"St\u00e9phanie Doe\" \/>\n<meta property=\"article:modified_time\" content=\"2024-02-12T08:57:34+00:00\" \/>\n<meta property=\"og:image\" content=\"https:\/\/stephaniedoe.fr\/wp-content\/uploads\/2024\/01\/DVP_8996.jpg\" \/>\n\t<meta property=\"og:image:width\" content=\"1200\" \/>\n\t<meta property=\"og:image:height\" content=\"801\" \/>\n\t<meta property=\"og:image:type\" content=\"image\/jpeg\" \/>\n<meta name=\"twitter:card\" content=\"summary_large_image\" \/>\n<meta name=\"twitter:label1\" content=\"Dur\u00e9e de lecture estim\u00e9e\" \/>\n\t<meta name=\"twitter:data1\" content=\"2 minutes\" \/>\n<script type=\"application\/ld+json\" class=\"yoast-schema-graph\">{\"@context\":\"https:\\\/\\\/schema.org\",\"@graph\":[{\"@type\":\"WebPage\",\"@id\":\"https:\\\/\\\/stephaniedoe.fr\\\/index.php\\\/shibari\\\/\",\"url\":\"https:\\\/\\\/stephaniedoe.fr\\\/index.php\\\/shibari\\\/\",\"name\":\"Shibari - St\u00e9phanie Doe\",\"isPartOf\":{\"@id\":\"https:\\\/\\\/stephaniedoe.fr\\\/#website\"},\"primaryImageOfPage\":{\"@id\":\"https:\\\/\\\/stephaniedoe.fr\\\/index.php\\\/shibari\\\/#primaryimage\"},\"image\":{\"@id\":\"https:\\\/\\\/stephaniedoe.fr\\\/index.php\\\/shibari\\\/#primaryimage\"},\"thumbnailUrl\":\"https:\\\/\\\/stephaniedoe.fr\\\/wp-content\\\/uploads\\\/2024\\\/01\\\/DVP_8996.jpg\",\"datePublished\":\"2024-01-30T10:08:08+00:00\",\"dateModified\":\"2024-02-12T08:57:34+00:00\",\"breadcrumb\":{\"@id\":\"https:\\\/\\\/stephaniedoe.fr\\\/index.php\\\/shibari\\\/#breadcrumb\"},\"inLanguage\":\"fr-FR\",\"potentialAction\":[{\"@type\":\"ReadAction\",\"target\":[\"https:\\\/\\\/stephaniedoe.fr\\\/index.php\\\/shibari\\\/\"]}]},{\"@type\":\"ImageObject\",\"inLanguage\":\"fr-FR\",\"@id\":\"https:\\\/\\\/stephaniedoe.fr\\\/index.php\\\/shibari\\\/#primaryimage\",\"url\":\"https:\\\/\\\/stephaniedoe.fr\\\/wp-content\\\/uploads\\\/2024\\\/01\\\/DVP_8996.jpg\",\"contentUrl\":\"https:\\\/\\\/stephaniedoe.fr\\\/wp-content\\\/uploads\\\/2024\\\/01\\\/DVP_8996.jpg\",\"width\":1200,\"height\":801},{\"@type\":\"BreadcrumbList\",\"@id\":\"https:\\\/\\\/stephaniedoe.fr\\\/index.php\\\/shibari\\\/#breadcrumb\",\"itemListElement\":[{\"@type\":\"ListItem\",\"position\":1,\"name\":\"Accueil\",\"item\":\"https:\\\/\\\/stephaniedoe.fr\\\/\"},{\"@type\":\"ListItem\",\"position\":2,\"name\":\"Shibari\"}]},{\"@type\":\"WebSite\",\"@id\":\"https:\\\/\\\/stephaniedoe.fr\\\/#website\",\"url\":\"https:\\\/\\\/stephaniedoe.fr\\\/\",\"name\":\"St\u00e9phanie Doe\",\"description\":\"\",\"potentialAction\":[{\"@type\":\"SearchAction\",\"target\":{\"@type\":\"EntryPoint\",\"urlTemplate\":\"https:\\\/\\\/stephaniedoe.fr\\\/?s={search_term_string}\"},\"query-input\":{\"@type\":\"PropertyValueSpecification\",\"valueRequired\":true,\"valueName\":\"search_term_string\"}}],\"inLanguage\":\"fr-FR\"}]}<\/script>\n<!-- \/ Yoast SEO plugin. -->","yoast_head_json":{"title":"Shibari - St\u00e9phanie Doe","robots":{"index":"index","follow":"follow","max-snippet":"max-snippet:-1","max-image-preview":"max-image-preview:large","max-video-preview":"max-video-preview:-1"},"canonical":"https:\/\/stephaniedoe.fr\/index.php\/shibari\/","og_locale":"fr_FR","og_type":"article","og_title":"Shibari - St\u00e9phanie Doe","og_description":"Le shibari ou bondage Japonais, est une pratique \u00e9rotique d\u2019origine Japonaise. Bondage Japonais: Il est indispensable de prendre des cours lorsqu\u2019on d\u00e9bute. Ceci permet une meilleure appr\u00e9hension des gestes techniques. [&hellip;]","og_url":"https:\/\/stephaniedoe.fr\/index.php\/shibari\/","og_site_name":"St\u00e9phanie Doe","article_modified_time":"2024-02-12T08:57:34+00:00","og_image":[{"width":1200,"height":801,"url":"https:\/\/stephaniedoe.fr\/wp-content\/uploads\/2024\/01\/DVP_8996.jpg","type":"image\/jpeg"}],"twitter_card":"summary_large_image","twitter_misc":{"Dur\u00e9e de lecture estim\u00e9e":"2 minutes"},"schema":{"@context":"https:\/\/schema.org","@graph":[{"@type":"WebPage","@id":"https:\/\/stephaniedoe.fr\/index.php\/shibari\/","url":"https:\/\/stephaniedoe.fr\/index.php\/shibari\/","name":"Shibari - St\u00e9phanie Doe","isPartOf":{"@id":"https:\/\/stephaniedoe.fr\/#website"},"primaryImageOfPage":{"@id":"https:\/\/stephaniedoe.fr\/index.php\/shibari\/#primaryimage"},"image":{"@id":"https:\/\/stephaniedoe.fr\/index.php\/shibari\/#primaryimage"},"thumbnailUrl":"https:\/\/stephaniedoe.fr\/wp-content\/uploads\/2024\/01\/DVP_8996.jpg","datePublished":"2024-01-30T10:08:08+00:00","dateModified":"2024-02-12T08:57:34+00:00","breadcrumb":{"@id":"https:\/\/stephaniedoe.fr\/index.php\/shibari\/#breadcrumb"},"inLanguage":"fr-FR","potentialAction":[{"@type":"ReadAction","target":["https:\/\/stephaniedoe.fr\/index.php\/shibari\/"]}]},{"@type":"ImageObject","inLanguage":"fr-FR","@id":"https:\/\/stephaniedoe.fr\/index.php\/shibari\/#primaryimage","url":"https:\/\/stephaniedoe.fr\/wp-content\/uploads\/2024\/01\/DVP_8996.jpg","contentUrl":"https:\/\/stephaniedoe.fr\/wp-content\/uploads\/2024\/01\/DVP_8996.jpg","width":1200,"height":801},{"@type":"BreadcrumbList","@id":"https:\/\/stephaniedoe.fr\/index.php\/shibari\/#breadcrumb","itemListElement":[{"@type":"ListItem","position":1,"name":"Accueil","item":"https:\/\/stephaniedoe.fr\/"},{"@type":"ListItem","position":2,"name":"Shibari"}]},{"@type":"WebSite","@id":"https:\/\/stephaniedoe.fr\/#website","url":"https:\/\/stephaniedoe.fr\/","name":"St\u00e9phanie Doe","description":"","potentialAction":[{"@type":"SearchAction","target":{"@type":"EntryPoint","urlTemplate":"https:\/\/stephaniedoe.fr\/?s={search_term_string}"},"query-input":{"@type":"PropertyValueSpecification","valueRequired":true,"valueName":"search_term_string"}}],"inLanguage":"fr-FR"}]}},"_links":{"self":[{"href":"https:\/\/stephaniedoe.fr\/index.php\/wp-json\/wp\/v2\/pages\/746","targetHints":{"allow":["GET"]}}],"collection":[{"href":"https:\/\/stephaniedoe.fr\/index.php\/wp-json\/wp\/v2\/pages"}],"about":[{"href":"https:\/\/stephaniedoe.fr\/index.php\/wp-json\/wp\/v2\/types\/page"}],"author":[{"embeddable":true,"href":"https:\/\/stephaniedoe.fr\/index.php\/wp-json\/wp\/v2\/users\/1"}],"replies":[{"embeddable":true,"href":"https:\/\/stephaniedoe.fr\/index.php\/wp-json\/wp\/v2\/comments?post=746"}],"version-history":[{"count":0,"href":"https:\/\/stephaniedoe.fr\/index.php\/wp-json\/wp\/v2\/pages\/746\/revisions"}],"wp:featuredmedia":[{"embeddable":true,"href":"https:\/\/stephaniedoe.fr\/index.php\/wp-json\/wp\/v2\/media\/747"}],"wp:attachment":[{"href":"https:\/\/stephaniedoe.fr\/index.php\/wp-json\/wp\/v2\/media?parent=746"}],"curies":[{"name":"wp","href":"https:\/\/api.w.org\/{rel}","templated":true}]}}